{"id":2680,"date":"2025-07-10T01:00:10","date_gmt":"2025-07-09T23:00:10","guid":{"rendered":"https:\/\/damedecoeurs.fr\/?page_id=2680"},"modified":"2025-07-10T02:10:23","modified_gmt":"2025-07-10T00:10:23","slug":"art-a-emporter","status":"publish","type":"page","link":"https:\/\/damedecoeurs.fr\/index.php\/art-a-emporter\/","title":{"rendered":"Art \u00e0 emporter"},"content":{"rendered":"\t\t<div data-elementor-type=\"wp-page\" data-elementor-id=\"2680\" class=\"elementor elementor-2680\">\n\t\t\t\t<div class=\"elementor-element elementor-element-6d62facf e-flex e-con-boxed e-con e-parent\" data-id=\"6d62facf\" data-element_type=\"container\">\n\t\t\t\t\t<div class=\"e-con-inner\">\n\t\t\t\t<div class=\"elementor-element elementor-element-61f66bd5 elementor-widget elementor-widget-text-editor\" data-id=\"61f66bd5\" data-element_type=\"widget\" data-widget_type=\"text-editor.default\">\n\t\t\t\t<div class=\"elementor-widget-container\">\n\t\t\t<style>\/*! elementor - v3.21.0 - 26-05-2024 *\/\n.elementor-widget-text-editor.elementor-drop-cap-view-stacked .elementor-drop-cap{background-color:#69727d;color:#fff}.elementor-widget-text-editor.elementor-drop-cap-view-framed .elementor-drop-cap{color:#69727d;border:3px solid;background-color:transparent}.elementor-widget-text-editor:not(.elementor-drop-cap-view-default) .elementor-drop-cap{margin-top:8px}.elementor-widget-text-editor:not(.elementor-drop-cap-view-default) .elementor-drop-cap-letter{width:1em;height:1em}.elementor-widget-text-editor .elementor-drop-cap{float:left;text-align:center;line-height:1;font-size:50px}.elementor-widget-text-editor .elementor-drop-cap-letter{display:inline-block}<\/style>\t\t\t\t<section><h2 style=\"text-align: left;\"><b><a href=\"http:\/\/damedecoeurs.fr\/wp-content\/uploads\/2025\/07\/FINALE-PALETTE-DU-VELAY-IMPRESSION.pdf\">FINALE PALETTE DU VELAYIMPRESSION<\/a>\u00a0 \u00a0 \u00a0 \u00a0 \u00a0 \u00a0 \u00a0 \u00a0 \u00a0 \u00a0 \u00a0\ud83c\udfa8 Palette du Velay<\/b><\/h2><div><b> <img fetchpriority=\"high\" decoding=\"async\" src=\"http:\/\/damedecoeurs.fr\/wp-content\/uploads\/2025\/07\/1749725079617-225x300.jpeg\" alt=\"\" width=\"225\" height=\"300\" \/> <img decoding=\"async\" src=\"http:\/\/damedecoeurs.fr\/wp-content\/uploads\/2025\/07\/1749725053806-1-225x300.jpeg\" alt=\"\" width=\"225\" height=\"300\" \/><\/b><\/div><div><strong style=\"font-family: 'Source Serif Pro', serif; font-size: 23px; letter-spacing: 3px;\">Envie d\u2019une activit\u00e9 en famille pleine de sens, de nature et de po\u00e9sie ?<\/strong><\/div><h1><em>Palette du Velay<\/em> est une bo\u00eete cr\u00e9ative pens\u00e9e avec \u2764\ufe0f pour petits et grands curieux.<br \/>Inspir\u00e9e de la richesse culturelle et naturelle de la Haute-Loire, elle propose des <strong>ateliers \u00e0 faire \u00e0 tout moment<\/strong>, \u00e0 la maison ou en balade.<br \/><strong>Un art nomade \u00e0 emporter partout !<\/strong><\/h1><p>\ud83c\udf3f Que contient cette bo\u00eete ?<\/p><p><span style=\"font-family: 'Source Serif Pro', serif; font-size: 23px; letter-spacing: 3px;\">\ud83d\udd8c\ufe0f <\/span><strong style=\"font-family: 'Source Serif Pro', serif; font-size: 23px; letter-spacing: 3px;\">Peinture sur argile<\/strong><span style=\"font-family: 'Source Serif Pro', serif; font-size: 23px; letter-spacing: 3px;\"> \u2013 Peins des champignons model\u00e9s\u00a0<\/span><\/p><p><span style=\"font-family: 'Source Serif Pro', serif; font-size: 23px; letter-spacing: 3px;\">\ud83c\udfb2 <\/span><strong style=\"font-family: 'Source Serif Pro', serif; font-size: 23px; letter-spacing: 3px;\">Cr\u00e9ation de jeu<\/strong><span style=\"font-family: 'Source Serif Pro', serif; font-size: 23px; letter-spacing: 3px;\"> \u2013 Fabrique un jeu \u00e0 personnaliser.<\/span><\/p><ul><li><h1>\ud83c\udf1e <strong>Atelier impression solaire :<\/strong>\u00a0Cr\u00e9ation de marques-pages avec la lumi\u00e8re du soleil, des fleurs s\u00e9ch\u00e9es, dentelles et pompons.<\/h1><\/li><li><h1>\ud83d\udd8d\ufe0f <strong>Coloriages du patrimoine local<\/strong> \u2013 D\u00e9couvre et colorie les paysages et symboles de la Haute-Loire.<\/h1><\/li><li><h1>\ud83d\udcd6 <strong>Une histoire illustr\u00e9e et captivante<\/strong> au choix :<\/h1><ul><li><h1>\ud83d\udd39 <em>Le Secret de la Perle Bleue<\/em> \u2013 Une aventure guid\u00e9e par une libellule, entre lac, for\u00eat et myrtilles, avec M\u00e9lusine et Elian. Pour d\u00e9couvrir le Haut-Lignon.<\/h1><\/li><li><h1>\ud83d\udd38 <em>Le Secret de la Plume d\u2019Or<\/em> \u2013 Une qu\u00eate au sommet, port\u00e9e par un oiseau magique, avec Ambre et Ama\u00ebl. \u00a8Pour s&rsquo;\u00e9vader\u00a0 au coeurs des gorges de la Loire.<\/h1><\/li><\/ul><\/li><\/ul><h1>\ud83c\udf81 <strong>Et aussi :<\/strong><br \/>\u2013 Un <strong>cadeau surprise<\/strong>\u00a0<br \/>\u2013 Des enigmes<\/h1><p>\ud83c\udf08 Une exp\u00e9rience sensorielle, \u00e9ducative et artistique.<\/p><h1><strong>\ud83d\udce6 Disponible d\u00e8s maintenant sur commande ou dans les points de ventes (offices de Tourismes) ou via l&rsquo;adresse mail : artdame2coeurs@gmail.com<\/strong><\/h1><\/section>\t\t\t\t\t\t<\/div>\n\t\t\t\t<\/div>\n\t\t\t\t\t<\/div>\n\t\t\t\t<\/div>\n\t\t<div class=\"elementor-element elementor-element-44480b7 e-flex e-con-boxed e-con e-parent\" data-id=\"44480b7\" data-element_type=\"container\">\n\t\t\t\t\t<div class=\"e-con-inner\">\n\t\t\t\t<div class=\"elementor-element elementor-element-d93efbd elementor-widget elementor-widget-image\" data-id=\"d93efbd\" data-element_type=\"widget\" data-widget_type=\"image.default\">\n\t\t\t\t<div class=\"elementor-widget-container\">\n\t\t\t<style>\/*! elementor - v3.21.0 - 26-05-2024 *\/\n.elementor-widget-image{text-align:center}.elementor-widget-image a{display:inline-block}.elementor-widget-image a img[src$=\".svg\"]{width:48px}.elementor-widget-image img{vertical-align:middle;display:inline-block}<\/style>\t\t\t\t\t\t\t\t\t\t<img decoding=\"async\" width=\"683\" height=\"1024\" src=\"https:\/\/damedecoeurs.fr\/wp-content\/uploads\/2025\/07\/ChatGPT-Image-10-juil.-2025-02_04_19-683x1024.png\" class=\"attachment-large size-large wp-image-2737\" alt=\"\" srcset=\"https:\/\/damedecoeurs.fr\/wp-content\/uploads\/2025\/07\/ChatGPT-Image-10-juil.-2025-02_04_19-683x1024.png 683w, https:\/\/damedecoeurs.fr\/wp-content\/uploads\/2025\/07\/ChatGPT-Image-10-juil.-2025-02_04_19-200x300.png 200w, https:\/\/damedecoeurs.fr\/wp-content\/uploads\/2025\/07\/ChatGPT-Image-10-juil.-2025-02_04_19-768x1152.png 768w, https:\/\/damedecoeurs.fr\/wp-content\/uploads\/2025\/07\/ChatGPT-Image-10-juil.-2025-02_04_19.png 1024w\" sizes=\"(max-width: 683px) 100vw, 683px\" \/>\t\t\t\t\t\t\t\t\t\t\t\t\t<\/div>\n\t\t\t\t<\/div>\n\t\t\t\t\t<\/div>\n\t\t\t\t<\/div>\n\t\t\t\t<\/div>\n\t\t","protected":false},"excerpt":{"rendered":"<p>FINALE PALETTE DU VELAYIMPRESSION\u00a0 \u00a0 \u00a0 \u00a0 \u00a0 \u00a0 \u00a0 \u00a0 \u00a0 \u00a0 \u00a0\ud83c\udfa8 Palette du Velay Envie d\u2019une activit\u00e9 en famille pleine de sens, de nature et de po\u00e9sie ? Palette du Velay est une bo\u00eete cr\u00e9ative pens\u00e9e avec \u2764\ufe0f pour petits et grands curieux.Inspir\u00e9e de la richesse culturelle et naturelle de la Haute-Loire, [&hellip;]<\/p>\n","protected":false},"author":1,"featured_media":0,"parent":0,"menu_order":12,"comment_status":"closed","ping_status":"closed","template":"","meta":{"footnotes":""},"class_list":["post-2680","page","type-page","status-publish","hentry"],"aioseo_notices":[],"_links":{"self":[{"href":"https:\/\/damedecoeurs.fr\/index.php\/wp-json\/wp\/v2\/pages\/2680","targetHints":{"allow":["GET"]}}],"collection":[{"href":"https:\/\/damedecoeurs.fr\/index.php\/wp-json\/wp\/v2\/pages"}],"about":[{"href":"https:\/\/damedecoeurs.fr\/index.php\/wp-json\/wp\/v2\/types\/page"}],"author":[{"embeddable":true,"href":"https:\/\/damedecoeurs.fr\/index.php\/wp-json\/wp\/v2\/users\/1"}],"replies":[{"embeddable":true,"href":"https:\/\/damedecoeurs.fr\/index.php\/wp-json\/wp\/v2\/comments?post=2680"}],"version-history":[{"count":35,"href":"https:\/\/damedecoeurs.fr\/index.php\/wp-json\/wp\/v2\/pages\/2680\/revisions"}],"predecessor-version":[{"id":2740,"href":"https:\/\/damedecoeurs.fr\/index.php\/wp-json\/wp\/v2\/pages\/2680\/revisions\/2740"}],"wp:attachment":[{"href":"https:\/\/damedecoeurs.fr\/index.php\/wp-json\/wp\/v2\/media?parent=2680"}],"curies":[{"name":"wp","href":"https:\/\/api.w.org\/{rel}","templated":true}]}}