{"id":1552,"date":"2024-04-16T01:54:21","date_gmt":"2024-04-15T23:54:21","guid":{"rendered":"https:\/\/damedecoeurs.fr\/?page_id=1552"},"modified":"2025-04-01T13:14:30","modified_gmt":"2025-04-01T11:14:30","slug":"https-damedecoeurs-fr-index-php-partenaires","status":"publish","type":"page","link":"https:\/\/damedecoeurs.fr\/index.php\/https-damedecoeurs-fr-index-php-partenaires\/","title":{"rendered":"Partenaires"},"content":{"rendered":"\n<figure class=\"wp-block-image size-full is-resized\"><img fetchpriority=\"high\" decoding=\"async\" width=\"225\" height=\"225\" src=\"https:\/\/damedecoeurs.fr\/wp-content\/uploads\/2024\/04\/telechargement-3.png\" alt=\"\" class=\"wp-image-1554\" style=\"width:69px;height:auto\" srcset=\"https:\/\/damedecoeurs.fr\/wp-content\/uploads\/2024\/04\/telechargement-3.png 225w, https:\/\/damedecoeurs.fr\/wp-content\/uploads\/2024\/04\/telechargement-3-150x150.png 150w\" sizes=\"(max-width: 225px) 100vw, 225px\" \/><\/figure>\n\n\n\n<p class=\"has-vivid-cyan-blue-color has-text-color has-link-color wp-elements-9eafa07d2c72a1209ef66568d44e51ed\">&#8211; Accompagnement  &amp; service \u00e0 la personne<\/p>\n\n\n\n<p class=\"has-foreground-color has-text-color has-link-color has-small-font-size wp-elements-0744380fa455fff96f1b34dd2f6ee7c3\">13 Av. Jean Martouret, Monistrol-sur-Loire<\/p>\n\n\n\n<p class=\"has-foreground-color has-text-color has-link-color has-small-font-size wp-elements-104e52591f134314f2ecc4b59e976298\"><\/p>\n\n\n\n<figure class=\"wp-block-image size-large is-resized\"><img decoding=\"async\" width=\"1024\" height=\"561\" src=\"https:\/\/damedecoeurs.fr\/wp-content\/uploads\/2024\/05\/image-1024x561.png\" alt=\"\" class=\"wp-image-1775\" style=\"width:170px;height:auto\" srcset=\"https:\/\/damedecoeurs.fr\/wp-content\/uploads\/2024\/05\/image-1024x561.png 1024w, https:\/\/damedecoeurs.fr\/wp-content\/uploads\/2024\/05\/image-300x164.png 300w, https:\/\/damedecoeurs.fr\/wp-content\/uploads\/2024\/05\/image-768x420.png 768w, https:\/\/damedecoeurs.fr\/wp-content\/uploads\/2024\/05\/image-1536x841.png 1536w, https:\/\/damedecoeurs.fr\/wp-content\/uploads\/2024\/05\/image.png 2048w\" sizes=\"(max-width: 1024px) 100vw, 1024px\" \/><\/figure>\n\n\n\n<p class=\"has-vivid-cyan-blue-color has-text-color has-link-color wp-elements-7d2602ae2914063f38bb9400abd27f29\">&#8211; Ch\u00e2teau et volerie de Rochebaron <\/p>\n\n\n\n<p class=\"has-foreground-color has-text-color has-link-color has-small-font-size wp-elements-88b659bb49564887898f779380f75121\">43210 Bas-en Basset<\/p>\n\n\n\n<p><\/p>\n\n\n\n<p><\/p>\n\n\n\n<figure class=\"wp-block-image size-full is-resized\"><a href=\"https:\/\/www.myhauteloire.fr\/commerce-service\/office-de-tourisme-des-marches-du-velay-rochebaron-bureau-de-monistrol-sur-loire\/\"><img decoding=\"async\" width=\"200\" height=\"200\" src=\"https:\/\/damedecoeurs.fr\/wp-content\/uploads\/2024\/05\/image-1.png\" alt=\"\" class=\"wp-image-1778\" style=\"width:111px;height:auto\" srcset=\"https:\/\/damedecoeurs.fr\/wp-content\/uploads\/2024\/05\/image-1.png 200w, https:\/\/damedecoeurs.fr\/wp-content\/uploads\/2024\/05\/image-1-150x150.png 150w\" sizes=\"(max-width: 200px) 100vw, 200px\" \/><\/a><\/figure>\n\n\n\n<p class=\"has-vivid-cyan-blue-color has-text-color has-link-color wp-elements-a1495d0797b0e280b71e2e4695bfd2d4\">&#8211; Office de Tourisme des Marches du Velay<\/p>\n\n\n\n<p class=\"has-foreground-color has-text-color has-link-color has-small-font-size wp-elements-c9ff937969d22631a857f25d5564a894\">14 faubourg Carnot<br>43120 Monistrol-sur-Loire<\/p>\n\n\n\n<p><\/p>\n\n\n\n<figure class=\"wp-block-image size-large is-resized\"><a href=\"https:\/\/www.camping-le-lignon.com\/\"><img loading=\"lazy\" decoding=\"async\" width=\"1024\" height=\"1024\" src=\"https:\/\/damedecoeurs.fr\/wp-content\/uploads\/2024\/06\/logo-1024x1024.png\" alt=\"\" class=\"wp-image-1812\" style=\"width:147px;height:auto\" srcset=\"https:\/\/damedecoeurs.fr\/wp-content\/uploads\/2024\/06\/logo-1024x1024.png 1024w, https:\/\/damedecoeurs.fr\/wp-content\/uploads\/2024\/06\/logo-300x300.png 300w, https:\/\/damedecoeurs.fr\/wp-content\/uploads\/2024\/06\/logo-150x150.png 150w, https:\/\/damedecoeurs.fr\/wp-content\/uploads\/2024\/06\/logo-768x768.png 768w, https:\/\/damedecoeurs.fr\/wp-content\/uploads\/2024\/06\/logo-1536x1536.png 1536w, https:\/\/damedecoeurs.fr\/wp-content\/uploads\/2024\/06\/logo-2048x2048.png 2048w\" sizes=\"(max-width: 1024px) 100vw, 1024px\" \/><\/a><\/figure>\n\n\n\n<p class=\"has-vivid-cyan-blue-color has-text-color has-link-color wp-elements-1040f06fd33dde7bb6d4f7e12b0f8695\">&#8211; Camping de Tence, les Murmures du Lignon<\/p>\n\n\n\n<p class=\"has-foreground-color has-text-color has-link-color has-small-font-size wp-elements-b9960857e01854d49d2926580667d3df\">709 Route de la Lev\u00e9e des Fr\u00e8res La Riaille, Bois des Fr\u00e8res 43190 TENCE \u2013<\/p>\n\n\n\n<p class=\"has-vivid-cyan-blue-color has-text-color has-link-color wp-elements-05632029db11419b895fe2527d27a9af\"><\/p>\n\n\n\n<p class=\"has-foreground-color has-text-color has-link-color wp-elements-ba1238313e84d32e61af7a13624464d4\"><\/p>\n\n\n\n<figure class=\"wp-block-image size-large is-resized\"><a href=\"camping-le-lignon.com\"><img loading=\"lazy\" decoding=\"async\" width=\"1024\" height=\"498\" src=\"https:\/\/damedecoeurs.fr\/wp-content\/uploads\/2024\/06\/affiche-camping-1024x498.jpg\" alt=\"\" class=\"wp-image-1815\" style=\"width:173px;height:auto\" srcset=\"https:\/\/damedecoeurs.fr\/wp-content\/uploads\/2024\/06\/affiche-camping-1024x498.jpg 1024w, https:\/\/damedecoeurs.fr\/wp-content\/uploads\/2024\/06\/affiche-camping-300x146.jpg 300w, https:\/\/damedecoeurs.fr\/wp-content\/uploads\/2024\/06\/affiche-camping-768x373.jpg 768w, https:\/\/damedecoeurs.fr\/wp-content\/uploads\/2024\/06\/affiche-camping.jpg 1360w\" sizes=\"(max-width: 1024px) 100vw, 1024px\" \/><\/a><\/figure>\n\n\n\n<p class=\"has-vivid-cyan-blue-color has-text-color has-link-color wp-elements-e7573e19712a4daf427bb8c50d482673\">&#8211; Camping le Lignon<\/p>\n\n\n\n<p class=\"has-foreground-color has-text-color has-link-color has-small-font-size wp-elements-28f12e726f1be0b50ad794936bf9dc3a\"> 370 Rte du Stade, 43400 Le Chambon-sur-Lignon<\/p>\n\n\n\n<p><\/p>\n\n\n\n<p class=\"has-vivid-cyan-blue-color has-text-color has-link-color wp-elements-90c9cd0b167f7f34c76f1037b7b403d5\">-Librairie le coin du Feu<\/p>\n\n\n\n<p class=\"has-foreground-color has-text-color has-link-color has-small-font-size wp-elements-19d9a6d1baa5fe31bbc74a77fb3893f2\">2 Place Jean Salque, 43600 Sainte-Sigol\u00e8ne<\/p>\n\n\n\n<div class=\"wp-block-media-text is-stacked-on-mobile\" style=\"grid-template-columns:20% auto\"><figure class=\"wp-block-media-text__media\"><a href=\"https:\/\/www.facebook.com\/profile.php?id=61556200297640\"><img loading=\"lazy\" decoding=\"async\" width=\"512\" height=\"512\" src=\"https:\/\/damedecoeurs.fr\/wp-content\/uploads\/2024\/06\/424937317_122095421924218200_5781680746187919903_n.jpg\" alt=\"\" class=\"wp-image-1862 size-full\" srcset=\"https:\/\/damedecoeurs.fr\/wp-content\/uploads\/2024\/06\/424937317_122095421924218200_5781680746187919903_n.jpg 512w, https:\/\/damedecoeurs.fr\/wp-content\/uploads\/2024\/06\/424937317_122095421924218200_5781680746187919903_n-300x300.jpg 300w, https:\/\/damedecoeurs.fr\/wp-content\/uploads\/2024\/06\/424937317_122095421924218200_5781680746187919903_n-150x150.jpg 150w\" sizes=\"(max-width: 512px) 100vw, 512px\" \/><\/a><\/figure><div class=\"wp-block-media-text__content\">\n<p class=\"has-foreground-color has-text-color has-link-color has-small-font-size wp-elements-104e52591f134314f2ecc4b59e976298\"><\/p>\n<\/div><\/div>\n","protected":false},"excerpt":{"rendered":"<p>&#8211; Accompagnement &amp; service \u00e0 la personne 13 Av. Jean Martouret, Monistrol-sur-Loire &#8211; Ch\u00e2teau et volerie de Rochebaron 43210 Bas-en Basset &#8211; Office de Tourisme des Marches du Velay 14 faubourg Carnot43120 Monistrol-sur-Loire &#8211; Camping de Tence, les Murmures du Lignon 709 Route de la Lev\u00e9e des Fr\u00e8res La Riaille, Bois des Fr\u00e8res 43190 TENCE [&hellip;]<\/p>\n","protected":false},"author":1,"featured_media":0,"parent":0,"menu_order":11,"comment_status":"closed","ping_status":"closed","template":"","meta":{"footnotes":""},"class_list":["post-1552","page","type-page","status-publish","hentry"],"aioseo_notices":[],"_links":{"self":[{"href":"https:\/\/damedecoeurs.fr\/index.php\/wp-json\/wp\/v2\/pages\/1552","targetHints":{"allow":["GET"]}}],"collection":[{"href":"https:\/\/damedecoeurs.fr\/index.php\/wp-json\/wp\/v2\/pages"}],"about":[{"href":"https:\/\/damedecoeurs.fr\/index.php\/wp-json\/wp\/v2\/types\/page"}],"author":[{"embeddable":true,"href":"https:\/\/damedecoeurs.fr\/index.php\/wp-json\/wp\/v2\/users\/1"}],"replies":[{"embeddable":true,"href":"https:\/\/damedecoeurs.fr\/index.php\/wp-json\/wp\/v2\/comments?post=1552"}],"version-history":[{"count":29,"href":"https:\/\/damedecoeurs.fr\/index.php\/wp-json\/wp\/v2\/pages\/1552\/revisions"}],"predecessor-version":[{"id":1868,"href":"https:\/\/damedecoeurs.fr\/index.php\/wp-json\/wp\/v2\/pages\/1552\/revisions\/1868"}],"wp:attachment":[{"href":"https:\/\/damedecoeurs.fr\/index.php\/wp-json\/wp\/v2\/media?parent=1552"}],"curies":[{"name":"wp","href":"https:\/\/api.w.org\/{rel}","templated":true}]}}