{"id":100,"date":"2024-01-18T21:59:07","date_gmt":"2024-01-18T20:59:07","guid":{"rendered":"https:\/\/damedecoeurs.fr\/?page_id=100"},"modified":"2024-10-18T20:00:31","modified_gmt":"2024-10-18T18:00:31","slug":"anniversaires","status":"publish","type":"page","link":"https:\/\/damedecoeurs.fr\/index.php\/anniversaires\/","title":{"rendered":"Anniversaires"},"content":{"rendered":"\t\t<div data-elementor-type=\"wp-page\" data-elementor-id=\"100\" class=\"elementor elementor-100\">\n\t\t\t\t<div class=\"elementor-element elementor-element-4f16d861 e-flex e-con-boxed e-con e-parent\" data-id=\"4f16d861\" data-element_type=\"container\">\n\t\t\t\t\t<div class=\"e-con-inner\">\n\t\t\t\t<div class=\"elementor-element elementor-element-344e4d7 elementor-widget elementor-widget-text-editor\" data-id=\"344e4d7\" data-element_type=\"widget\" data-widget_type=\"text-editor.default\">\n\t\t\t\t<div class=\"elementor-widget-container\">\n\t\t\t<style>\/*! elementor - v3.21.0 - 26-05-2024 *\/\n.elementor-widget-text-editor.elementor-drop-cap-view-stacked .elementor-drop-cap{background-color:#69727d;color:#fff}.elementor-widget-text-editor.elementor-drop-cap-view-framed .elementor-drop-cap{color:#69727d;border:3px solid;background-color:transparent}.elementor-widget-text-editor:not(.elementor-drop-cap-view-default) .elementor-drop-cap{margin-top:8px}.elementor-widget-text-editor:not(.elementor-drop-cap-view-default) .elementor-drop-cap-letter{width:1em;height:1em}.elementor-widget-text-editor .elementor-drop-cap{float:left;text-align:center;line-height:1;font-size:50px}.elementor-widget-text-editor .elementor-drop-cap-letter{display:inline-block}<\/style>\t\t\t\t<p><!-- wp:paragraph {\"style\":{\"elements\":{\"link\":{\"color\":{\"text\":\"var:preset|color|vivid-cyan-blue\"}}}},\"textColor\":\"vivid-cyan-blue\"} --><\/p>\n<p class=\"has-vivid-cyan-blue-color has-text-color has-link-color\">ANNIVERSAIRES A DOMICILE<\/p>\n<p><!-- \/wp:paragraph --><!-- wp:paragraph --><\/p>\n<p>ANIMATIONS CLEFS EN MAIN ( Pour 12 enfants maximum);<\/p>\n<p><!-- \/wp:paragraph --><!-- wp:paragraph {\"style\":{\"elements\":{\"link\":{\"color\":{\"text\":\"var:preset|color|foreground\"}}}},\"textColor\":\"foreground\",\"fontSize\":\"small\"} --><\/p>\n<p class=\"has-foreground-color has-text-color has-link-color has-small-font-size\">Je m&rsquo;occupe de l&rsquo;installation &amp; de l&rsquo;Animation :<\/p>\n<p><!-- \/wp:paragraph --><!-- wp:paragraph --><\/p>\n<p><!-- \/wp:paragraph --><!-- wp:paragraph {\"style\":{\"elements\":{\"link\":{\"color\":{\"text\":\"var:preset|color|foreground\"}}}},\"textColor\":\"foreground\",\"fontSize\":\"small\"} --><\/p>\n<p class=\"has-foreground-color has-text-color has-link-color has-small-font-size\">1. Accueil avec une histoire anim\u00e9e, comme fil rouge de l&rsquo;anniversaire.<\/p>\n<p><!-- \/wp:paragraph --><!-- wp:paragraph {\"style\":{\"elements\":{\"link\":{\"color\":{\"text\":\"var:preset|color|foreground\"}}}},\"textColor\":\"foreground\",\"fontSize\":\"small\"} --><\/p>\n<p class=\"has-foreground-color has-text-color has-link-color has-small-font-size\">2. Atelier artistique sur une th\u00e9matique (exemple les sir\u00e8nes, animaux, couleurs &#8230; ).<\/p>\n<p><!-- \/wp:paragraph --><!-- wp:paragraph {\"style\":{\"elements\":{\"link\":{\"color\":{\"text\":\"var:preset|color|foreground\"}}}},\"textColor\":\"foreground\",\"fontSize\":\"small\"} --><\/p>\n<p class=\"has-foreground-color has-text-color has-link-color has-small-font-size\">3. Go\u00fbter (formule avec ou sans g\u00e2teau possible).<\/p>\n<p><!-- \/wp:paragraph --><!-- wp:paragraph {\"style\":{\"elements\":{\"link\":{\"color\":{\"text\":\"var:preset|color|foreground\"}}}},\"textColor\":\"foreground\",\"fontSize\":\"small\"} --><\/p>\n<p class=\"has-foreground-color has-text-color has-link-color has-small-font-size\">4.<\/p>\n<p><!-- \/wp:paragraph --><!-- wp:paragraph {\"style\":{\"elements\":{\"link\":{\"color\":{\"text\":\"var:preset|color|foreground\"}}}},\"textColor\":\"foreground\",\"fontSize\":\"small\"} --><\/p>\n<p class=\"has-foreground-color has-text-color has-link-color has-small-font-size\">&#8211; Jeux dynamiques sur l&rsquo;art (th\u00e9\u00e2tre des couleurs, dessin avec sable&#8230;).<\/p>\n<p><!-- \/wp:paragraph --><!-- wp:paragraph --><\/p>\n<p>ou<\/p>\n<p><!-- \/wp:paragraph --><!-- wp:paragraph {\"style\":{\"elements\":{\"link\":{\"color\":{\"text\":\"var:preset|color|foreground\"}}}},\"textColor\":\"foreground\",\"fontSize\":\"small\"} --><\/p>\n<p class=\"has-foreground-color has-text-color has-link-color has-small-font-size\">&#8211; Jeux XXL d&rsquo;ext\u00e9rieur (Dominos\/ Mikados g\u00e9ants \/golf ou cartes&#8230;)<\/p>\n<p><!-- \/wp:paragraph --><!-- wp:image {\"id\":1644,\"sizeSlug\":\"large\",\"linkDestination\":\"none\"} --><\/p>\n<figure class=\"wp-block-image size-large\"><\/figure>\n<p><!-- \/wp:image --><!-- wp:paragraph --><\/p>\n<p>Forfait tout compris<\/p>\n<p><!-- \/wp:paragraph --><!-- wp:gallery {\"linkTo\":\"none\"} --><\/p>\n<figure class=\"wp-block-gallery has-nested-images columns-default is-cropped\"><!-- wp:image {\"id\":1798,\"sizeSlug\":\"large\",\"linkDestination\":\"none\"} --><p><\/p>\n<figure class=\"wp-block-image size-large\"><\/figure>\n<p><!-- \/wp:image --><\/p>\n<\/figure>\n<p><!-- \/wp:gallery --><!-- wp:buttons {\"layout\":{\"type\":\"flex\",\"justifyContent\":\"center\"}} --><\/p>\n<div class=\"wp-block-buttons\">\n<p><!-- wp:button --><\/p>\n<div class=\"wp-block-button\"><a class=\"wp-block-button__link wp-element-button\" href=\"https:\/\/damedecoeurs.fr\/\">RETOUR MENU<\/a><\/div>\n<p><!-- \/wp:button --><\/p>\n<\/div>\n<p><!-- \/wp:buttons --><\/p>\t\t\t\t\t\t<\/div>\n\t\t\t\t<\/div>\n\t\t\t\t\t<\/div>\n\t\t\t\t<\/div>\n\t\t<div class=\"elementor-element elementor-element-070a22a e-flex e-con-boxed e-con e-parent\" data-id=\"070a22a\" data-element_type=\"container\">\n\t\t\t\t\t<div class=\"e-con-inner\">\n\t\t\t\t<div class=\"elementor-element elementor-element-e5d9d41 elementor-widget elementor-widget-image-gallery\" data-id=\"e5d9d41\" data-element_type=\"widget\" data-widget_type=\"image-gallery.default\">\n\t\t\t\t<div class=\"elementor-widget-container\">\n\t\t\t<style>\/*! elementor - v3.21.0 - 26-05-2024 *\/\n.elementor-image-gallery .gallery-item{display:inline-block;text-align:center;vertical-align:top;width:100%;max-width:100%;margin:0 auto}.elementor-image-gallery .gallery-item img{margin:0 auto}.elementor-image-gallery .gallery-item .gallery-caption{margin:0}.elementor-image-gallery figure img{display:block}.elementor-image-gallery figure figcaption{width:100%}.gallery-spacing-custom .elementor-image-gallery .gallery-icon{padding:0}@media (min-width:768px){.elementor-image-gallery .gallery-columns-2 .gallery-item{max-width:50%}.elementor-image-gallery .gallery-columns-3 .gallery-item{max-width:33.33%}.elementor-image-gallery .gallery-columns-4 .gallery-item{max-width:25%}.elementor-image-gallery .gallery-columns-5 .gallery-item{max-width:20%}.elementor-image-gallery .gallery-columns-6 .gallery-item{max-width:16.666%}.elementor-image-gallery .gallery-columns-7 .gallery-item{max-width:14.28%}.elementor-image-gallery .gallery-columns-8 .gallery-item{max-width:12.5%}.elementor-image-gallery .gallery-columns-9 .gallery-item{max-width:11.11%}.elementor-image-gallery .gallery-columns-10 .gallery-item{max-width:10%}}@media (min-width:480px) and (max-width:767px){.elementor-image-gallery .gallery.gallery-columns-2 .gallery-item,.elementor-image-gallery .gallery.gallery-columns-3 .gallery-item,.elementor-image-gallery .gallery.gallery-columns-4 .gallery-item,.elementor-image-gallery .gallery.gallery-columns-5 .gallery-item,.elementor-image-gallery .gallery.gallery-columns-6 .gallery-item,.elementor-image-gallery .gallery.gallery-columns-7 .gallery-item,.elementor-image-gallery .gallery.gallery-columns-8 .gallery-item,.elementor-image-gallery .gallery.gallery-columns-9 .gallery-item,.elementor-image-gallery .gallery.gallery-columns-10 .gallery-item{max-width:50%}}@media (max-width:479px){.elementor-image-gallery .gallery.gallery-columns-2 .gallery-item,.elementor-image-gallery .gallery.gallery-columns-3 .gallery-item,.elementor-image-gallery .gallery.gallery-columns-4 .gallery-item,.elementor-image-gallery .gallery.gallery-columns-5 .gallery-item,.elementor-image-gallery .gallery.gallery-columns-6 .gallery-item,.elementor-image-gallery .gallery.gallery-columns-7 .gallery-item,.elementor-image-gallery .gallery.gallery-columns-8 .gallery-item,.elementor-image-gallery .gallery.gallery-columns-9 .gallery-item,.elementor-image-gallery .gallery.gallery-columns-10 .gallery-item{max-width:100%}}<\/style>\t\t<div class=\"elementor-image-gallery\">\n\t\t\t<div id='gallery-1' class='gallery galleryid-100 gallery-columns-4 gallery-size-thumbnail'><figure class='gallery-item'>\n\t\t\t<div class='gallery-icon portrait'>\n\t\t\t\t<img decoding=\"async\" width=\"150\" height=\"150\" src=\"https:\/\/damedecoeurs.fr\/wp-content\/uploads\/2024\/07\/449854188_489783443542596_3231672921275152193_n-150x150.jpg\" class=\"attachment-thumbnail size-thumbnail\" alt=\"animation anniversaire dame de coeurs\" \/>\n\t\t\t<\/div><\/figure><figure class='gallery-item'>\n\t\t\t<div class='gallery-icon landscape'>\n\t\t\t\t<img decoding=\"async\" width=\"150\" height=\"150\" src=\"https:\/\/damedecoeurs.fr\/wp-content\/uploads\/2024\/06\/441525042_8384628541555531_5078470639989736078_n-150x150.jpg\" class=\"attachment-thumbnail size-thumbnail\" alt=\"Anniversaire inoubliable dame de coeurs haute-Loire\" \/>\n\t\t\t<\/div><\/figure><figure class='gallery-item'>\n\t\t\t<div class='gallery-icon portrait'>\n\t\t\t\t<img decoding=\"async\" width=\"150\" height=\"150\" src=\"https:\/\/damedecoeurs.fr\/wp-content\/uploads\/2024\/07\/449334626_1014830876866950_2766279845157314523_n-150x150.jpg\" class=\"attachment-thumbnail size-thumbnail\" alt=\"art anniversaire Dame de coeurs Haute-Loire\" \/>\n\t\t\t<\/div><\/figure><figure class='gallery-item'>\n\t\t\t<div class='gallery-icon portrait'>\n\t\t\t\t<img loading=\"lazy\" decoding=\"async\" width=\"150\" height=\"150\" src=\"https:\/\/damedecoeurs.fr\/wp-content\/uploads\/2024\/07\/449366322_323575917477244_7873524814734772315_n-150x150.jpg\" class=\"attachment-thumbnail size-thumbnail\" alt=\"D\u00e9co anniversaire souvenir photo\" \/>\n\t\t\t<\/div><\/figure><figure class='gallery-item'>\n\t\t\t<div class='gallery-icon portrait'>\n\t\t\t\t<img loading=\"lazy\" decoding=\"async\" width=\"150\" height=\"150\" src=\"https:\/\/damedecoeurs.fr\/wp-content\/uploads\/2024\/07\/441430101_1376597836347273_6711863496051219652_n-150x150.jpg\" class=\"attachment-thumbnail size-thumbnail\" alt=\"JEUX XXL ART ET ANIMATIONS\" \/>\n\t\t\t<\/div><\/figure><figure class='gallery-item'>\n\t\t\t<div class='gallery-icon portrait'>\n\t\t\t\t<img loading=\"lazy\" decoding=\"async\" width=\"150\" height=\"150\" src=\"https:\/\/damedecoeurs.fr\/wp-content\/uploads\/2024\/07\/449157311_1188743545490138_6422739452191168238_n-1-150x150.jpg\" class=\"attachment-thumbnail size-thumbnail\" alt=\"Jeux ext\u00e9rieur Dame de coeurs haute-Loire anniversaire\" \/>\n\t\t\t<\/div><\/figure><figure class='gallery-item'>\n\t\t\t<div class='gallery-icon landscape'>\n\t\t\t\t<img loading=\"lazy\" decoding=\"async\" width=\"150\" height=\"150\" src=\"https:\/\/damedecoeurs.fr\/wp-content\/uploads\/2024\/07\/448978144_454061950909136_3188033092510710650_n-150x150.jpg\" class=\"attachment-thumbnail size-thumbnail\" alt=\"Anniversaire art et animation et jeux Dame de c\u0153urs\" \/>\n\t\t\t<\/div><\/figure><figure class='gallery-item'>\n\t\t\t<div class='gallery-icon landscape'>\n\t\t\t\t<img loading=\"lazy\" decoding=\"async\" width=\"150\" height=\"150\" src=\"https:\/\/damedecoeurs.fr\/wp-content\/uploads\/2024\/07\/449352204_1024734206037633_2449062822897063215_n-150x150.jpg\" class=\"attachment-thumbnail size-thumbnail\" alt=\"\" \/>\n\t\t\t<\/div><\/figure><figure class='gallery-item'>\n\t\t\t<div class='gallery-icon portrait'>\n\t\t\t\t<img loading=\"lazy\" decoding=\"async\" width=\"150\" height=\"150\" src=\"https:\/\/damedecoeurs.fr\/wp-content\/uploads\/2024\/07\/449163125_3870107496647400_1131426702086609772_n-150x150.jpg\" class=\"attachment-thumbnail size-thumbnail\" alt=\"\" \/>\n\t\t\t<\/div><\/figure><figure class='gallery-item'>\n\t\t\t<div class='gallery-icon landscape'>\n\t\t\t\t<img loading=\"lazy\" decoding=\"async\" width=\"150\" height=\"150\" src=\"https:\/\/damedecoeurs.fr\/wp-content\/uploads\/2024\/10\/DSC_9066-150x150.jpg\" class=\"attachment-thumbnail size-thumbnail\" alt=\"\" \/>\n\t\t\t<\/div><\/figure>\n\t\t<\/div>\n\t\t<\/div>\n\t\t\t\t<\/div>\n\t\t\t\t<\/div>\n\t\t\t\t\t<\/div>\n\t\t\t\t<\/div>\n\t\t<div class=\"elementor-element elementor-element-635b258 e-flex e-con-boxed e-con e-parent\" data-id=\"635b258\" data-element_type=\"container\">\n\t\t\t\t\t<div class=\"e-con-inner\">\n\t\t\t\t<div class=\"elementor-element elementor-element-9eaae1f elementor-invisible elementor-widget elementor-widget-image\" data-id=\"9eaae1f\" data-element_type=\"widget\" data-settings=\"{&quot;_animation&quot;:&quot;fadeInLeft&quot;}\" data-widget_type=\"image.default\">\n\t\t\t\t<div class=\"elementor-widget-container\">\n\t\t\t<style>\/*! elementor - v3.21.0 - 26-05-2024 *\/\n.elementor-widget-image{text-align:center}.elementor-widget-image a{display:inline-block}.elementor-widget-image a img[src$=\".svg\"]{width:48px}.elementor-widget-image img{vertical-align:middle;display:inline-block}<\/style>\t\t\t\t\t\t\t\t\t\t<img loading=\"lazy\" decoding=\"async\" width=\"804\" height=\"1024\" src=\"https:\/\/damedecoeurs.fr\/wp-content\/uploads\/2024\/07\/CELESTE-ANNIV-804x1024.jpg\" class=\"attachment-large size-large wp-image-2296\" alt=\"plaquette anniversaire dame de coeurs la chapelle d&#039;aurec\" srcset=\"https:\/\/damedecoeurs.fr\/wp-content\/uploads\/2024\/07\/CELESTE-ANNIV-804x1024.jpg 804w, https:\/\/damedecoeurs.fr\/wp-content\/uploads\/2024\/07\/CELESTE-ANNIV-236x300.jpg 236w, https:\/\/damedecoeurs.fr\/wp-content\/uploads\/2024\/07\/CELESTE-ANNIV-768x978.jpg 768w, https:\/\/damedecoeurs.fr\/wp-content\/uploads\/2024\/07\/CELESTE-ANNIV-1207x1536.jpg 1207w, https:\/\/damedecoeurs.fr\/wp-content\/uploads\/2024\/07\/CELESTE-ANNIV.jpg 1571w\" sizes=\"(max-width: 804px) 100vw, 804px\" \/>\t\t\t\t\t\t\t\t\t\t\t\t\t<\/div>\n\t\t\t\t<\/div>\n\t\t\t\t\t<\/div>\n\t\t\t\t<\/div>\n\t\t\t\t<\/div>\n\t\t","protected":false},"excerpt":{"rendered":"<p>ANNIVERSAIRES A DOMICILE ANIMATIONS CLEFS EN MAIN ( Pour 12 enfants maximum); Je m&rsquo;occupe de l&rsquo;installation &amp; de l&rsquo;Animation : 1. Accueil avec une histoire anim\u00e9e, comme fil rouge de l&rsquo;anniversaire. 2. Atelier artistique sur une th\u00e9matique (exemple les sir\u00e8nes, animaux, couleurs &#8230; ). 3. Go\u00fbter (formule avec ou sans g\u00e2teau possible). 4. &#8211; Jeux [&hellip;]<\/p>\n","protected":false},"author":1,"featured_media":0,"parent":0,"menu_order":5,"comment_status":"closed","ping_status":"closed","template":"","meta":{"footnotes":""},"class_list":["post-100","page","type-page","status-publish","hentry"],"aioseo_notices":[],"_links":{"self":[{"href":"https:\/\/damedecoeurs.fr\/index.php\/wp-json\/wp\/v2\/pages\/100","targetHints":{"allow":["GET"]}}],"collection":[{"href":"https:\/\/damedecoeurs.fr\/index.php\/wp-json\/wp\/v2\/pages"}],"about":[{"href":"https:\/\/damedecoeurs.fr\/index.php\/wp-json\/wp\/v2\/types\/page"}],"author":[{"embeddable":true,"href":"https:\/\/damedecoeurs.fr\/index.php\/wp-json\/wp\/v2\/users\/1"}],"replies":[{"embeddable":true,"href":"https:\/\/damedecoeurs.fr\/index.php\/wp-json\/wp\/v2\/comments?post=100"}],"version-history":[{"count":77,"href":"https:\/\/damedecoeurs.fr\/index.php\/wp-json\/wp\/v2\/pages\/100\/revisions"}],"predecessor-version":[{"id":2640,"href":"https:\/\/damedecoeurs.fr\/index.php\/wp-json\/wp\/v2\/pages\/100\/revisions\/2640"}],"wp:attachment":[{"href":"https:\/\/damedecoeurs.fr\/index.php\/wp-json\/wp\/v2\/media?parent=100"}],"curies":[{"name":"wp","href":"https:\/\/api.w.org\/{rel}","templated":true}]}}